{"id":21,"date":"2021-05-31T14:55:30","date_gmt":"2021-05-31T14:55:30","guid":{"rendered":"https:\/\/tutelaforzedipolizia.it\/?page_id=21"},"modified":"2021-07-13T14:09:50","modified_gmt":"2021-07-13T14:09:50","slug":"home","status":"publish","type":"page","link":"https:\/\/tutelaforzedipolizia.it\/","title":{"rendered":"HOME"},"content":{"rendered":"\n<div id=\"sb_instagram\" class=\"sbi sbi_col_4  sbi_width_resp\" style=\"padding-bottom: 10px;width: 100%;\" data-feedid=\"sbi_17841447803142711#4\" data-res=\"auto\" data-cols=\"4\" data-num=\"4\" data-shortcode-atts=\"{&quot;num&quot;:&quot;4&quot;,&quot;cols&quot;:&quot;4&quot;,&quot;showfollow&quot;:&quot;false&quot;,&quot;showheader&quot;:&quot;false&quot;,&quot;showbutton&quot;:&quot;false&quot;}\"  data-postid=\"21\" data-sbi-flags=\"favorLocal,gdpr\">\n\t\n    <div id=\"sbi_images\" style=\"padding: 5px;\">\n\t\t<div class=\"sbi_item sbi_type_image sbi_new sbi_transition\" id=\"sbi_17991708955981893\" data-date=\"1684826599\">\n    <div class=\"sbi_photo_wrap\">\n        <a class=\"sbi_photo\" href=\"https:\/\/www.instagram.com\/p\/Csk78ubgX5j\/\" target=\"_blank\" rel=\"noopener nofollow\" data-full-res=\"https:\/\/scontent-fra5-1.cdninstagram.com\/v\/t51.29350-15\/348460409_222196823888459_7349661953859630043_n.webp?stp=dst-jpg&#038;_nc_cat=111&#038;ccb=1-7&#038;_nc_sid=8ae9d6&#038;_nc_ohc=fGsvqS-pnccAX8-SxAK&#038;_nc_ht=scontent-fra5-1.cdninstagram.com&#038;edm=ANo9K5cEAAAA&#038;oh=00_AfCliV2zJ19DOg5q_q_p-yfy6NJHD0Jh34-B9NF8bxwC5g&#038;oe=6474676A\" data-img-src-set=\"{&quot;d&quot;:&quot;https:\\\/\\\/scontent-fra5-1.cdninstagram.com\\\/v\\\/t51.29350-15\\\/348460409_222196823888459_7349661953859630043_n.webp?stp=dst-jpg&amp;_nc_cat=111&amp;ccb=1-7&amp;_nc_sid=8ae9d6&amp;_nc_ohc=fGsvqS-pnccAX8-SxAK&amp;_nc_ht=scontent-fra5-1.cdninstagram.com&amp;edm=ANo9K5cEAAAA&amp;oh=00_AfCliV2zJ19DOg5q_q_p-yfy6NJHD0Jh34-B9NF8bxwC5g&amp;oe=6474676A&quot;,&quot;150&quot;:&quot;https:\\\/\\\/scontent-fra5-1.cdninstagram.com\\\/v\\\/t51.29350-15\\\/348460409_222196823888459_7349661953859630043_n.webp?stp=dst-jpg&amp;_nc_cat=111&amp;ccb=1-7&amp;_nc_sid=8ae9d6&amp;_nc_ohc=fGsvqS-pnccAX8-SxAK&amp;_nc_ht=scontent-fra5-1.cdninstagram.com&amp;edm=ANo9K5cEAAAA&amp;oh=00_AfCliV2zJ19DOg5q_q_p-yfy6NJHD0Jh34-B9NF8bxwC5g&amp;oe=6474676A&quot;,&quot;320&quot;:&quot;https:\\\/\\\/scontent-fra5-1.cdninstagram.com\\\/v\\\/t51.29350-15\\\/348460409_222196823888459_7349661953859630043_n.webp?stp=dst-jpg&amp;_nc_cat=111&amp;ccb=1-7&amp;_nc_sid=8ae9d6&amp;_nc_ohc=fGsvqS-pnccAX8-SxAK&amp;_nc_ht=scontent-fra5-1.cdninstagram.com&amp;edm=ANo9K5cEAAAA&amp;oh=00_AfCliV2zJ19DOg5q_q_p-yfy6NJHD0Jh34-B9NF8bxwC5g&amp;oe=6474676A&quot;,&quot;640&quot;:&quot;https:\\\/\\\/scontent-fra5-1.cdninstagram.com\\\/v\\\/t51.29350-15\\\/348460409_222196823888459_7349661953859630043_n.webp?stp=dst-jpg&amp;_nc_cat=111&amp;ccb=1-7&amp;_nc_sid=8ae9d6&amp;_nc_ohc=fGsvqS-pnccAX8-SxAK&amp;_nc_ht=scontent-fra5-1.cdninstagram.com&amp;edm=ANo9K5cEAAAA&amp;oh=00_AfCliV2zJ19DOg5q_q_p-yfy6NJHD0Jh34-B9NF8bxwC5g&amp;oe=6474676A&quot;}\">\n            <span class=\"sbi-screenreader\">Mai dimenticare... \ud83d\udc99\n#stragedicapaci #GiovanniF<\/span>\n            \t                    <img decoding=\"async\" src=\"https:\/\/tutelaforzedipolizia.it\/wp-content\/plugins\/instagram-feed\/img\/placeholder.png\" alt=\"Mai dimenticare... \ud83d\udc99\n#stragedicapaci #GiovanniFalcone\">\n        <\/a>\n    <\/div>\n<\/div><div class=\"sbi_item sbi_type_image sbi_new sbi_transition\" id=\"sbi_17960094968525954\" data-date=\"1683831611\">\n    <div class=\"sbi_photo_wrap\">\n        <a class=\"sbi_photo\" href=\"https:\/\/www.instagram.com\/p\/CsHSKOIIkUS\/\" target=\"_blank\" rel=\"noopener nofollow\" data-full-res=\"https:\/\/scontent-fra5-2.cdninstagram.com\/v\/t51.29350-15\/346320090_236696855711603_8668590534803961053_n.webp?stp=dst-jpg&#038;_nc_cat=106&#038;ccb=1-7&#038;_nc_sid=8ae9d6&#038;_nc_ohc=7Z_FAjAoncMAX-5yxk3&#038;_nc_ht=scontent-fra5-2.cdninstagram.com&#038;edm=ANo9K5cEAAAA&#038;oh=00_AfBekQOV43_j94D96IOsUIL33EScP8pXfOq7FwLXoQcOOg&#038;oe=64736322\" data-img-src-set=\"{&quot;d&quot;:&quot;https:\\\/\\\/scontent-fra5-2.cdninstagram.com\\\/v\\\/t51.29350-15\\\/346320090_236696855711603_8668590534803961053_n.webp?stp=dst-jpg&amp;_nc_cat=106&amp;ccb=1-7&amp;_nc_sid=8ae9d6&amp;_nc_ohc=7Z_FAjAoncMAX-5yxk3&amp;_nc_ht=scontent-fra5-2.cdninstagram.com&amp;edm=ANo9K5cEAAAA&amp;oh=00_AfBekQOV43_j94D96IOsUIL33EScP8pXfOq7FwLXoQcOOg&amp;oe=64736322&quot;,&quot;150&quot;:&quot;https:\\\/\\\/scontent-fra5-2.cdninstagram.com\\\/v\\\/t51.29350-15\\\/346320090_236696855711603_8668590534803961053_n.webp?stp=dst-jpg&amp;_nc_cat=106&amp;ccb=1-7&amp;_nc_sid=8ae9d6&amp;_nc_ohc=7Z_FAjAoncMAX-5yxk3&amp;_nc_ht=scontent-fra5-2.cdninstagram.com&amp;edm=ANo9K5cEAAAA&amp;oh=00_AfBekQOV43_j94D96IOsUIL33EScP8pXfOq7FwLXoQcOOg&amp;oe=64736322&quot;,&quot;320&quot;:&quot;https:\\\/\\\/scontent-fra5-2.cdninstagram.com\\\/v\\\/t51.29350-15\\\/346320090_236696855711603_8668590534803961053_n.webp?stp=dst-jpg&amp;_nc_cat=106&amp;ccb=1-7&amp;_nc_sid=8ae9d6&amp;_nc_ohc=7Z_FAjAoncMAX-5yxk3&amp;_nc_ht=scontent-fra5-2.cdninstagram.com&amp;edm=ANo9K5cEAAAA&amp;oh=00_AfBekQOV43_j94D96IOsUIL33EScP8pXfOq7FwLXoQcOOg&amp;oe=64736322&quot;,&quot;640&quot;:&quot;https:\\\/\\\/scontent-fra5-2.cdninstagram.com\\\/v\\\/t51.29350-15\\\/346320090_236696855711603_8668590534803961053_n.webp?stp=dst-jpg&amp;_nc_cat=106&amp;ccb=1-7&amp;_nc_sid=8ae9d6&amp;_nc_ohc=7Z_FAjAoncMAX-5yxk3&amp;_nc_ht=scontent-fra5-2.cdninstagram.com&amp;edm=ANo9K5cEAAAA&amp;oh=00_AfBekQOV43_j94D96IOsUIL33EScP8pXfOq7FwLXoQcOOg&amp;oe=64736322&quot;}\">\n            <span class=\"sbi-screenreader\">Polizia, il nuovo capo \u00e8 Vittorio Pisani: fu tra <\/span>\n            \t                    <img decoding=\"async\" src=\"https:\/\/tutelaforzedipolizia.it\/wp-content\/plugins\/instagram-feed\/img\/placeholder.png\" alt=\"Polizia, il nuovo capo \u00e8 Vittorio Pisani: fu tra gli autori degli arresti dei boss del clan dei Casalesi\u00a0\n\nVittorio Pisani \u00e8 il nuovo capo della Polizia. Sostituisce Lamberto Giannini, uomo di grande valore morale e professionale, da sempre in grado di svolgere un lavoro importante nel rispetto della divisa e dei principi di giustizia e legalit\u00e0. A lui va il ringraziamento del Presidente di Tutela Forze di Polizia, il dottor Valerio Iovinella e dell&#039;associazione tutta. Contestualmente, un grande benvenuto a Vittorio Pisani. La sua nomina rappresenta il naturale traguardo dopo una lunga esperienza maturata sul campo, dopo che il suo nome \u00e8 comparso pi\u00f9 volte nelle azioni fondamentali di contrasto alla criminalit\u00e0 organizzata. Impossibile, tra l&#039;altro, dimenticare il ruolo fondamentale da lui svolto nella lotta al clan dei Casalesi culminata con la cattura dei super latitanti Michele Zagaria e Antonio Iovine.\n\n#vittoriopisani #poliziadistato\">\n        <\/a>\n    <\/div>\n<\/div><div class=\"sbi_item sbi_type_image sbi_new sbi_transition\" id=\"sbi_17982245761946953\" data-date=\"1682928152\">\n    <div class=\"sbi_photo_wrap\">\n        <a class=\"sbi_photo\" href=\"https:\/\/www.instagram.com\/p\/CrsW8woIlM8\/\" target=\"_blank\" rel=\"noopener nofollow\" data-full-res=\"https:\/\/scontent-fra5-1.cdninstagram.com\/v\/t51.29350-15\/343760041_1513543605839260_2897167603239903352_n.webp?stp=dst-jpg&#038;_nc_cat=111&#038;ccb=1-7&#038;_nc_sid=8ae9d6&#038;_nc_ohc=yVxFwdxC7A0AX_5HOka&#038;_nc_ht=scontent-fra5-1.cdninstagram.com&#038;edm=ANo9K5cEAAAA&#038;oh=00_AfDJP7-Uyk8a9A8_M6UUdLGYb9Ya5svyv7c5qBjO9ED6-g&#038;oe=6473F8C5\" data-img-src-set=\"{&quot;d&quot;:&quot;https:\\\/\\\/scontent-fra5-1.cdninstagram.com\\\/v\\\/t51.29350-15\\\/343760041_1513543605839260_2897167603239903352_n.webp?stp=dst-jpg&amp;_nc_cat=111&amp;ccb=1-7&amp;_nc_sid=8ae9d6&amp;_nc_ohc=yVxFwdxC7A0AX_5HOka&amp;_nc_ht=scontent-fra5-1.cdninstagram.com&amp;edm=ANo9K5cEAAAA&amp;oh=00_AfDJP7-Uyk8a9A8_M6UUdLGYb9Ya5svyv7c5qBjO9ED6-g&amp;oe=6473F8C5&quot;,&quot;150&quot;:&quot;https:\\\/\\\/scontent-fra5-1.cdninstagram.com\\\/v\\\/t51.29350-15\\\/343760041_1513543605839260_2897167603239903352_n.webp?stp=dst-jpg&amp;_nc_cat=111&amp;ccb=1-7&amp;_nc_sid=8ae9d6&amp;_nc_ohc=yVxFwdxC7A0AX_5HOka&amp;_nc_ht=scontent-fra5-1.cdninstagram.com&amp;edm=ANo9K5cEAAAA&amp;oh=00_AfDJP7-Uyk8a9A8_M6UUdLGYb9Ya5svyv7c5qBjO9ED6-g&amp;oe=6473F8C5&quot;,&quot;320&quot;:&quot;https:\\\/\\\/scontent-fra5-1.cdninstagram.com\\\/v\\\/t51.29350-15\\\/343760041_1513543605839260_2897167603239903352_n.webp?stp=dst-jpg&amp;_nc_cat=111&amp;ccb=1-7&amp;_nc_sid=8ae9d6&amp;_nc_ohc=yVxFwdxC7A0AX_5HOka&amp;_nc_ht=scontent-fra5-1.cdninstagram.com&amp;edm=ANo9K5cEAAAA&amp;oh=00_AfDJP7-Uyk8a9A8_M6UUdLGYb9Ya5svyv7c5qBjO9ED6-g&amp;oe=6473F8C5&quot;,&quot;640&quot;:&quot;https:\\\/\\\/scontent-fra5-1.cdninstagram.com\\\/v\\\/t51.29350-15\\\/343760041_1513543605839260_2897167603239903352_n.webp?stp=dst-jpg&amp;_nc_cat=111&amp;ccb=1-7&amp;_nc_sid=8ae9d6&amp;_nc_ohc=yVxFwdxC7A0AX_5HOka&amp;_nc_ht=scontent-fra5-1.cdninstagram.com&amp;edm=ANo9K5cEAAAA&amp;oh=00_AfDJP7-Uyk8a9A8_M6UUdLGYb9Ya5svyv7c5qBjO9ED6-g&amp;oe=6473F8C5&quot;}\">\n            <span class=\"sbi-screenreader\">Buon 1\u00b0 maggio a tutti<\/span>\n            \t                    <img decoding=\"async\" src=\"https:\/\/tutelaforzedipolizia.it\/wp-content\/plugins\/instagram-feed\/img\/placeholder.png\" alt=\"Buon 1\u00b0 maggio a tutti\">\n        <\/a>\n    <\/div>\n<\/div><div class=\"sbi_item sbi_type_image sbi_new sbi_transition\" id=\"sbi_18014362381585916\" data-date=\"1682408521\">\n    <div class=\"sbi_photo_wrap\">\n        <a class=\"sbi_photo\" href=\"https:\/\/www.instagram.com\/p\/Crc31MSoTJw\/\" target=\"_blank\" rel=\"noopener nofollow\" data-full-res=\"https:\/\/scontent-fra5-2.cdninstagram.com\/v\/t51.29350-15\/343284295_781104080302052_3018491625983396704_n.webp?stp=dst-jpg&#038;_nc_cat=109&#038;ccb=1-7&#038;_nc_sid=8ae9d6&#038;_nc_ohc=HMhtW30f3CIAX8dLTr8&#038;_nc_ht=scontent-fra5-2.cdninstagram.com&#038;edm=ANo9K5cEAAAA&#038;oh=00_AfAxOthgCIeFpY7a2A03CHxJotFN4PMQt8EpzZD17MGKvg&#038;oe=6472CBEB\" data-img-src-set=\"{&quot;d&quot;:&quot;https:\\\/\\\/scontent-fra5-2.cdninstagram.com\\\/v\\\/t51.29350-15\\\/343284295_781104080302052_3018491625983396704_n.webp?stp=dst-jpg&amp;_nc_cat=109&amp;ccb=1-7&amp;_nc_sid=8ae9d6&amp;_nc_ohc=HMhtW30f3CIAX8dLTr8&amp;_nc_ht=scontent-fra5-2.cdninstagram.com&amp;edm=ANo9K5cEAAAA&amp;oh=00_AfAxOthgCIeFpY7a2A03CHxJotFN4PMQt8EpzZD17MGKvg&amp;oe=6472CBEB&quot;,&quot;150&quot;:&quot;https:\\\/\\\/scontent-fra5-2.cdninstagram.com\\\/v\\\/t51.29350-15\\\/343284295_781104080302052_3018491625983396704_n.webp?stp=dst-jpg&amp;_nc_cat=109&amp;ccb=1-7&amp;_nc_sid=8ae9d6&amp;_nc_ohc=HMhtW30f3CIAX8dLTr8&amp;_nc_ht=scontent-fra5-2.cdninstagram.com&amp;edm=ANo9K5cEAAAA&amp;oh=00_AfAxOthgCIeFpY7a2A03CHxJotFN4PMQt8EpzZD17MGKvg&amp;oe=6472CBEB&quot;,&quot;320&quot;:&quot;https:\\\/\\\/scontent-fra5-2.cdninstagram.com\\\/v\\\/t51.29350-15\\\/343284295_781104080302052_3018491625983396704_n.webp?stp=dst-jpg&amp;_nc_cat=109&amp;ccb=1-7&amp;_nc_sid=8ae9d6&amp;_nc_ohc=HMhtW30f3CIAX8dLTr8&amp;_nc_ht=scontent-fra5-2.cdninstagram.com&amp;edm=ANo9K5cEAAAA&amp;oh=00_AfAxOthgCIeFpY7a2A03CHxJotFN4PMQt8EpzZD17MGKvg&amp;oe=6472CBEB&quot;,&quot;640&quot;:&quot;https:\\\/\\\/scontent-fra5-2.cdninstagram.com\\\/v\\\/t51.29350-15\\\/343284295_781104080302052_3018491625983396704_n.webp?stp=dst-jpg&amp;_nc_cat=109&amp;ccb=1-7&amp;_nc_sid=8ae9d6&amp;_nc_ohc=HMhtW30f3CIAX8dLTr8&amp;_nc_ht=scontent-fra5-2.cdninstagram.com&amp;edm=ANo9K5cEAAAA&amp;oh=00_AfAxOthgCIeFpY7a2A03CHxJotFN4PMQt8EpzZD17MGKvg&amp;oe=6472CBEB&quot;}\">\n            <span class=\"sbi-screenreader\">Buona #festadellaliberazione<\/span>\n            \t                    <img decoding=\"async\" src=\"https:\/\/tutelaforzedipolizia.it\/wp-content\/plugins\/instagram-feed\/img\/placeholder.png\" alt=\"Buona #festadellaliberazione\">\n        <\/a>\n    <\/div>\n<\/div>    <\/div>\n\n\t<div id=\"sbi_load\">\n\n\t\n\t\n<\/div>\n\t    <span class=\"sbi_resized_image_data\" data-feed-id=\"sbi_17841447803142711#4\" data-resized=\"{&quot;17982245761946953&quot;:{&quot;id&quot;:&quot;343760041_1513543605839260_2897167603239903352_n.webp&quot;,&quot;ratio&quot;:&quot;1.00&quot;,&quot;sizes&quot;:{&quot;full&quot;:640,&quot;low&quot;:320,&quot;thumb&quot;:150}},&quot;18014362381585916&quot;:{&quot;id&quot;:&quot;343284295_781104080302052_3018491625983396704_n.webp&quot;,&quot;ratio&quot;:&quot;1.00&quot;,&quot;sizes&quot;:{&quot;full&quot;:640,&quot;low&quot;:320,&quot;thumb&quot;:150}},&quot;17991708955981893&quot;:{&quot;id&quot;:&quot;348460409_222196823888459_7349661953859630043_n.webp&quot;,&quot;ratio&quot;:&quot;1.00&quot;,&quot;sizes&quot;:{&quot;full&quot;:640,&quot;low&quot;:320,&quot;thumb&quot;:150}},&quot;17960094968525954&quot;:{&quot;id&quot;:&quot;346320090_236696855711603_8668590534803961053_n.webp&quot;,&quot;ratio&quot;:&quot;1.62&quot;,&quot;sizes&quot;:{&quot;full&quot;:640,&quot;low&quot;:320,&quot;thumb&quot;:150}}}\">\n\t<\/span>\n\t<\/div>\n\n\n","protected":false},"excerpt":{"rendered":"","protected":false},"author":1,"featured_media":39,"parent":0,"menu_order":0,"comment_status":"closed","ping_status":"closed","template":"","meta":{"_vp_format_video_url":"","_vp_image_focal_point":[],"footnotes":""},"class_list":["post-21","page","type-page","status-publish","has-post-thumbnail","hentry"],"yoast_head":"<!-- This site is optimized with the Yoast SEO plugin v27.3 - https:\/\/yoast.com\/product\/yoast-seo-wordpress\/ -->\n<title>HOME &#187; Tutela Forze di Polizia<\/title>\n<meta name=\"description\" content=\"L&#039;Associazione &quot;Tutela Forze di Polizia&quot; \u00e8 apolitica, asindacale e senza scopo di lucro. Tutela delle Forze Armate e della Vigilanza Privata.\" \/>\n<meta name=\"robots\" content=\"index, follow, max-snippet:-1, max-image-preview:large, max-video-preview:-1\" \/>\n<link rel=\"canonical\" href=\"https:\/\/tutelaforzedipolizia.it\/\" \/>\n<meta property=\"og:locale\" content=\"it_IT\" \/>\n<meta property=\"og:type\" content=\"article\" \/>\n<meta property=\"og:title\" content=\"HOME &#187; Tutela Forze di Polizia\" \/>\n<meta property=\"og:description\" content=\"L&#039;Associazione &quot;Tutela Forze di Polizia&quot; \u00e8 apolitica, asindacale e senza scopo di lucro. Tutela delle Forze Armate e della Vigilanza Privata.\" \/>\n<meta property=\"og:url\" content=\"https:\/\/tutelaforzedipolizia.it\/\" \/>\n<meta property=\"og:site_name\" content=\"Tutela Forze di Polizia\" \/>\n<meta property=\"article:publisher\" content=\"https:\/\/www.facebook.com\/tutelaforzedipolizia\/\" \/>\n<meta property=\"article:modified_time\" content=\"2021-07-13T14:09:50+00:00\" \/>\n<meta property=\"og:image\" content=\"https:\/\/tutelaforzedipolizia.it\/wp-content\/uploads\/2021\/05\/Logo-Color.png\" \/>\n\t<meta property=\"og:image:width\" content=\"449\" \/>\n\t<meta property=\"og:image:height\" content=\"458\" \/>\n\t<meta property=\"og:image:type\" content=\"image\/png\" \/>\n<meta name=\"twitter:card\" content=\"summary_large_image\" \/>\n<meta name=\"twitter:label1\" content=\"Tempo di lettura stimato\" \/>\n\t<meta name=\"twitter:data1\" content=\"1 minuto\" \/>\n<script type=\"application\/ld+json\" class=\"yoast-schema-graph\">{\"@context\":\"https:\\\/\\\/schema.org\",\"@graph\":[{\"@type\":\"WebPage\",\"@id\":\"https:\\\/\\\/tutelaforzedipolizia.it\\\/\",\"url\":\"https:\\\/\\\/tutelaforzedipolizia.it\\\/\",\"name\":\"HOME &#187; Tutela Forze di Polizia\",\"isPartOf\":{\"@id\":\"https:\\\/\\\/tutelaforzedipolizia.it\\\/#website\"},\"primaryImageOfPage\":{\"@id\":\"https:\\\/\\\/tutelaforzedipolizia.it\\\/#primaryimage\"},\"image\":{\"@id\":\"https:\\\/\\\/tutelaforzedipolizia.it\\\/#primaryimage\"},\"thumbnailUrl\":\"https:\\\/\\\/tutelaforzedipolizia.it\\\/wp-content\\\/uploads\\\/2021\\\/05\\\/Logo-Color.png\",\"datePublished\":\"2021-05-31T14:55:30+00:00\",\"dateModified\":\"2021-07-13T14:09:50+00:00\",\"description\":\"L'Associazione \\\"Tutela Forze di Polizia\\\" \u00e8 apolitica, asindacale e senza scopo di lucro. Tutela delle Forze Armate e della Vigilanza Privata.\",\"breadcrumb\":{\"@id\":\"https:\\\/\\\/tutelaforzedipolizia.it\\\/#breadcrumb\"},\"inLanguage\":\"it-IT\",\"potentialAction\":[{\"@type\":\"ReadAction\",\"target\":[\"https:\\\/\\\/tutelaforzedipolizia.it\\\/\"]}]},{\"@type\":\"ImageObject\",\"inLanguage\":\"it-IT\",\"@id\":\"https:\\\/\\\/tutelaforzedipolizia.it\\\/#primaryimage\",\"url\":\"https:\\\/\\\/tutelaforzedipolizia.it\\\/wp-content\\\/uploads\\\/2021\\\/05\\\/Logo-Color.png\",\"contentUrl\":\"https:\\\/\\\/tutelaforzedipolizia.it\\\/wp-content\\\/uploads\\\/2021\\\/05\\\/Logo-Color.png\",\"width\":449,\"height\":458},{\"@type\":\"BreadcrumbList\",\"@id\":\"https:\\\/\\\/tutelaforzedipolizia.it\\\/#breadcrumb\",\"itemListElement\":[{\"@type\":\"ListItem\",\"position\":1,\"name\":\"Home\",\"item\":\"https:\\\/\\\/tutelaforzedipolizia.it\\\/\"},{\"@type\":\"ListItem\",\"position\":2,\"name\":\"HOME\"}]},{\"@type\":\"WebSite\",\"@id\":\"https:\\\/\\\/tutelaforzedipolizia.it\\\/#website\",\"url\":\"https:\\\/\\\/tutelaforzedipolizia.it\\\/\",\"name\":\"Tutela Forze di Polizia\",\"description\":\"\",\"publisher\":{\"@id\":\"https:\\\/\\\/tutelaforzedipolizia.it\\\/#organization\"},\"potentialAction\":[{\"@type\":\"SearchAction\",\"target\":{\"@type\":\"EntryPoint\",\"urlTemplate\":\"https:\\\/\\\/tutelaforzedipolizia.it\\\/?s={search_term_string}\"},\"query-input\":{\"@type\":\"PropertyValueSpecification\",\"valueRequired\":true,\"valueName\":\"search_term_string\"}}],\"inLanguage\":\"it-IT\"},{\"@type\":\"Organization\",\"@id\":\"https:\\\/\\\/tutelaforzedipolizia.it\\\/#organization\",\"name\":\"Tutela Forze di Polizia\",\"url\":\"https:\\\/\\\/tutelaforzedipolizia.it\\\/\",\"logo\":{\"@type\":\"ImageObject\",\"inLanguage\":\"it-IT\",\"@id\":\"https:\\\/\\\/tutelaforzedipolizia.it\\\/#\\\/schema\\\/logo\\\/image\\\/\",\"url\":\"https:\\\/\\\/tutelaforzedipolizia.it\\\/wp-content\\\/uploads\\\/2021\\\/05\\\/Logo-Color.png\",\"contentUrl\":\"https:\\\/\\\/tutelaforzedipolizia.it\\\/wp-content\\\/uploads\\\/2021\\\/05\\\/Logo-Color.png\",\"width\":449,\"height\":458,\"caption\":\"Tutela Forze di Polizia\"},\"image\":{\"@id\":\"https:\\\/\\\/tutelaforzedipolizia.it\\\/#\\\/schema\\\/logo\\\/image\\\/\"},\"sameAs\":[\"https:\\\/\\\/www.facebook.com\\\/tutelaforzedipolizia\\\/\",\"https:\\\/\\\/www.instagram.com\\\/tutelaforzedipolizia\\\/\"]}]}<\/script>\n<!-- \/ Yoast SEO plugin. -->","yoast_head_json":{"title":"HOME &#187; Tutela Forze di Polizia","description":"L'Associazione \"Tutela Forze di Polizia\" \u00e8 apolitica, asindacale e senza scopo di lucro. Tutela delle Forze Armate e della Vigilanza Privata.","robots":{"index":"index","follow":"follow","max-snippet":"max-snippet:-1","max-image-preview":"max-image-preview:large","max-video-preview":"max-video-preview:-1"},"canonical":"https:\/\/tutelaforzedipolizia.it\/","og_locale":"it_IT","og_type":"article","og_title":"HOME &#187; Tutela Forze di Polizia","og_description":"L'Associazione \"Tutela Forze di Polizia\" \u00e8 apolitica, asindacale e senza scopo di lucro. Tutela delle Forze Armate e della Vigilanza Privata.","og_url":"https:\/\/tutelaforzedipolizia.it\/","og_site_name":"Tutela Forze di Polizia","article_publisher":"https:\/\/www.facebook.com\/tutelaforzedipolizia\/","article_modified_time":"2021-07-13T14:09:50+00:00","og_image":[{"width":449,"height":458,"url":"https:\/\/tutelaforzedipolizia.it\/wp-content\/uploads\/2021\/05\/Logo-Color.png","type":"image\/png"}],"twitter_card":"summary_large_image","twitter_misc":{"Tempo di lettura stimato":"1 minuto"},"schema":{"@context":"https:\/\/schema.org","@graph":[{"@type":"WebPage","@id":"https:\/\/tutelaforzedipolizia.it\/","url":"https:\/\/tutelaforzedipolizia.it\/","name":"HOME &#187; Tutela Forze di Polizia","isPartOf":{"@id":"https:\/\/tutelaforzedipolizia.it\/#website"},"primaryImageOfPage":{"@id":"https:\/\/tutelaforzedipolizia.it\/#primaryimage"},"image":{"@id":"https:\/\/tutelaforzedipolizia.it\/#primaryimage"},"thumbnailUrl":"https:\/\/tutelaforzedipolizia.it\/wp-content\/uploads\/2021\/05\/Logo-Color.png","datePublished":"2021-05-31T14:55:30+00:00","dateModified":"2021-07-13T14:09:50+00:00","description":"L'Associazione \"Tutela Forze di Polizia\" \u00e8 apolitica, asindacale e senza scopo di lucro. Tutela delle Forze Armate e della Vigilanza Privata.","breadcrumb":{"@id":"https:\/\/tutelaforzedipolizia.it\/#breadcrumb"},"inLanguage":"it-IT","potentialAction":[{"@type":"ReadAction","target":["https:\/\/tutelaforzedipolizia.it\/"]}]},{"@type":"ImageObject","inLanguage":"it-IT","@id":"https:\/\/tutelaforzedipolizia.it\/#primaryimage","url":"https:\/\/tutelaforzedipolizia.it\/wp-content\/uploads\/2021\/05\/Logo-Color.png","contentUrl":"https:\/\/tutelaforzedipolizia.it\/wp-content\/uploads\/2021\/05\/Logo-Color.png","width":449,"height":458},{"@type":"BreadcrumbList","@id":"https:\/\/tutelaforzedipolizia.it\/#breadcrumb","itemListElement":[{"@type":"ListItem","position":1,"name":"Home","item":"https:\/\/tutelaforzedipolizia.it\/"},{"@type":"ListItem","position":2,"name":"HOME"}]},{"@type":"WebSite","@id":"https:\/\/tutelaforzedipolizia.it\/#website","url":"https:\/\/tutelaforzedipolizia.it\/","name":"Tutela Forze di Polizia","description":"","publisher":{"@id":"https:\/\/tutelaforzedipolizia.it\/#organization"},"potentialAction":[{"@type":"SearchAction","target":{"@type":"EntryPoint","urlTemplate":"https:\/\/tutelaforzedipolizia.it\/?s={search_term_string}"},"query-input":{"@type":"PropertyValueSpecification","valueRequired":true,"valueName":"search_term_string"}}],"inLanguage":"it-IT"},{"@type":"Organization","@id":"https:\/\/tutelaforzedipolizia.it\/#organization","name":"Tutela Forze di Polizia","url":"https:\/\/tutelaforzedipolizia.it\/","logo":{"@type":"ImageObject","inLanguage":"it-IT","@id":"https:\/\/tutelaforzedipolizia.it\/#\/schema\/logo\/image\/","url":"https:\/\/tutelaforzedipolizia.it\/wp-content\/uploads\/2021\/05\/Logo-Color.png","contentUrl":"https:\/\/tutelaforzedipolizia.it\/wp-content\/uploads\/2021\/05\/Logo-Color.png","width":449,"height":458,"caption":"Tutela Forze di Polizia"},"image":{"@id":"https:\/\/tutelaforzedipolizia.it\/#\/schema\/logo\/image\/"},"sameAs":["https:\/\/www.facebook.com\/tutelaforzedipolizia\/","https:\/\/www.instagram.com\/tutelaforzedipolizia\/"]}]}},"_links":{"self":[{"href":"https:\/\/tutelaforzedipolizia.it\/index.php\/wp-json\/wp\/v2\/pages\/21","targetHints":{"allow":["GET"]}}],"collection":[{"href":"https:\/\/tutelaforzedipolizia.it\/index.php\/wp-json\/wp\/v2\/pages"}],"about":[{"href":"https:\/\/tutelaforzedipolizia.it\/index.php\/wp-json\/wp\/v2\/types\/page"}],"author":[{"embeddable":true,"href":"https:\/\/tutelaforzedipolizia.it\/index.php\/wp-json\/wp\/v2\/users\/1"}],"replies":[{"embeddable":true,"href":"https:\/\/tutelaforzedipolizia.it\/index.php\/wp-json\/wp\/v2\/comments?post=21"}],"version-history":[{"count":12,"href":"https:\/\/tutelaforzedipolizia.it\/index.php\/wp-json\/wp\/v2\/pages\/21\/revisions"}],"predecessor-version":[{"id":595,"href":"https:\/\/tutelaforzedipolizia.it\/index.php\/wp-json\/wp\/v2\/pages\/21\/revisions\/595"}],"wp:featuredmedia":[{"embeddable":true,"href":"https:\/\/tutelaforzedipolizia.it\/index.php\/wp-json\/wp\/v2\/media\/39"}],"wp:attachment":[{"href":"https:\/\/tutelaforzedipolizia.it\/index.php\/wp-json\/wp\/v2\/media?parent=21"}],"curies":[{"name":"wp","href":"https:\/\/api.w.org\/{rel}","templated":true}]}}