{"id":3,"date":"2021-05-27T11:20:07","date_gmt":"2021-05-27T11:20:07","guid":{"rendered":"https:\/\/tutelaforzedipolizia.it\/?page_id=3"},"modified":"2021-07-13T14:11:00","modified_gmt":"2021-07-13T14:11:00","slug":"privacy-policy","status":"publish","type":"page","link":"https:\/\/tutelaforzedipolizia.it\/index.php\/privacy-policy\/","title":{"rendered":"Privacy Policy"},"content":{"rendered":"\n<p>In questo documento si descrivono le modalit\u00e0 di gestione del sito web www.tutelaforzedipolizia.it (Sito), con riferimento al trattamento di dati personali degli utenti (\u201cUtente\/Utenti\u201d) che lo consultano.<\/p>\n\n\n\n<p>E\u2019 un\u2019informativa resa ai sensi dell\u2019art. 13 del D.Lgs. n. 196\/2003, cos\u00ec detto Codice in materia di protezione dei dati personali (\u201cCodice Privacy\u201d) e degli articoli 13 e ss. del Regolamento UE 679\/2016 (\u201cGDPR\u201d), a tutti coloro che visitano il Sito e\/o che comunicano con Tutela Forze di Polizia tramite compilazione degli appositi forms per la richiesta di informazioni, disponibili sul Sito, o mediante l\u2019invio di posta elettronica agli indirizzi mail presenti sul Sito.<\/p>\n\n\n\n<p>L\u2019informativa \u00e8 resa solo per il Sito e non anche per altri siti web eventualmente consultati dall\u2019Utente tramite link presenti sul Sito.<\/p>\n\n\n\n<p><strong>1.1 Titolare del trattamento dei dati<\/strong><\/p>\n\n\n\n<p>Il titolare del trattamento dei dati personali \u00e8 <strong>Tutela Forze di Polizia<\/strong>, sita in Napoli (NA) Via Ferrara 74 \u2013 cap 80143, CF: 95300560638 (\u201cTitolare\u201d).<\/p>\n\n\n\n<p><strong>1.2 Responsabile del Trattamento dei dati<\/strong><\/p>\n\n\n\n<p>Il titolare del trattamento dei dati ha provveduto a nominare il Responsabile del trattamento al quale \u00e8 possibile rivolgersi per qualsiasi chiarimento in ordine al trattamento dei propri dati personali o per l\u2019esercizio di taluno dei diritti previsti dagli artt. 15 e ss. del GDPR. Il Responsabile del Trattamento dei Dati \u00e8 contattabile al seguente indirizzo email: <a href=\"mailto:info@tutelaforzedipolizia.it\">info@tutelaforzedipolizia.it<\/a>.<\/p>\n\n\n\n<p><strong>2. Tipologie di dati trattati<\/strong><\/p>\n\n\n\n<p><strong>2.1 Dati di navigazione<\/strong><\/p>\n\n\n\n<p>I sistemi informatici e le procedure software preposte al funzionamento del Sito acquisiscono, nel corso del loro normale esercizio, alcuni dati personali la cui trasmissione \u00e8 implicita nell\u2019uso di protocolli di comunicazione di internet.<\/p>\n\n\n\n<p>Si tratta di informazioni che non sono raccolte per essere associate a soggetti identificati, ma che per la loro stessa natura potrebbero permettere di identificare gli utenti.<\/p>\n\n\n\n<p>In questa categoria di dati rientrano (i) gli indirizzi IP o i nomi di dominio dei computer utilizzati dagli utenti che si connettono al Sito, (ii) gli indirizzi di notazione URI (Uniform Resource Identifier) delle risorse richieste, (iii) l\u2019orario della richiesta, (iv) il metodo utilizzato per sottoporre la richiesta al server, (v) la dimensione del file ottenuto in risposta, (vi) il codice numerico indicante lo stato della risposta data dal server (buon fine, errore) ed (vii) altri parametri relativi al sistema operativo e all\u2019ambiente informatico dell\u2019utente. Questi dati vengono utilizzati al solo fine di ricavare informazioni statistiche anonime sull\u2019uso del Sito e per controllarne il corretto funzionamento e vengono cancellati immediatamente dopo l\u2019elaborazione.<\/p>\n\n\n\n<p><strong>2.2 Cookie<\/strong><\/p>\n\n\n\n<p>Per il trattamento dei dati tramite cookie, si prega di prendere visione della relativa Cookie Policy, disponibile sul sito.<\/p>\n\n\n\n<p><strong>2.3 Dati forniti volontariamente dall\u2019utente<\/strong><\/p>\n\n\n\n<p>L\u2019invio facoltativo, esplicito e volontario di posta elettronica agli indirizzi mail indicati sul Sito e\/o le richieste di informazioni inviate tramite l\u2019uso dei vari form \u201cContatti\u201d presenti sul Sito stesso o, ancora, la comunicazione di propri dati per la ricezione di comunicazioni promozionali e\/o newsletter informative, o per l\u2019invio della propria candidatura a posizioni lavorative aperte, comportano l\u2019acquisizione e il trattamento da parte del Titolare di tali dati e di ogni altra informazione contenuta in tali comunicazioni per le finalit\u00e0 indicate al successivo par. 3.<\/p>\n\n\n\n<p><strong>3. Finalit\u00e0 e base giuridica del trattamento<\/strong><\/p>\n\n\n\n<p>Il trattamento dei dati personali dell\u2019Utente da parte del Titolare \u00e8 finalizzato a:<\/p>\n\n\n\n<p>a) perseguire, conformemente all\u2019art. 6.1, lett. f) del GDPR, un proprio legittimo interesse, consistente nel garantire la sicurezza del Sito e delle informazioni sullo stesso scambiate, ossia la capacit\u00e0 di tale Sito di resistere, a un dato livello di sicurezza, a eventi imprevisti o ad atti illeciti o dolosi che compromettano la disponibilit\u00e0, l\u2019autenticit\u00e0, l\u2019integrit\u00e0 e la riservatezza dei dati personali conservati o trasmessi e la sicurezza dei relativi servizi offerti o resi accessibili;<\/p>\n\n\n\n<p>b) con il consenso dell\u2019Utente, ex art. 6.1, lett. a) del GDPR, inviare tramite posta elettronica comunicazioni promozionali e\/o newsletter informative aventi ad oggetto servizi in the zon;<\/p>\n\n\n\n<p>c) permettere all\u2019Utente di chiedere informazioni in merito ai servizi offerti dal Titolare, inviare la propria candidatura per eventuali posizioni lavorative aperte e fornire all\u2019Utente stesso, ai sensi dell\u2019art. 6.1, lett. b) del GDPR, l\u2019eventuale riscontro e\/o preventivo richiesto.<\/p>\n\n\n\n<p><strong>4. Conseguenze di un eventuale rifiuto di rispondere<\/strong><\/p>\n\n\n\n<p>A parte quanto specificato con riferimento ai dati di navigazione, che sono necessari al fine di consentire la corretta funzionalit\u00e0 del Sito, ai cookie, in relazione ai quali si prega di prendere visione della relativa cookie policy, e ai dati contenuti nelle richieste di informazioni, gli Utenti sono liberi di fornire i propri dati personali:<\/p>\n\n\n\n<p>(i) per ricevere, tramite posta elettronica, comunicazioni promozionali e\/o newsletter informative aventi ad oggetto beni e\/o servizi.<\/p>\n\n\n\n<p>Il mancato conferimento di tali dati comporta per l\u2019Utente l\u2019impossibilit\u00e0 di restare aggiornato sulle novit\u00e0 e\/o sui servizi.<\/p>\n\n\n\n<p>Il Titolare, in ogni caso, informa gli Utenti dell\u2019esistenza del diritto di revocare in ogni momento il consenso reso per il trattamento dei dati di cui al precedente punto (i), senza pregiudicare la liceit\u00e0 del trattamento basata sul consenso prestato prima della revoca.<\/p>\n\n\n\n<p><strong>5. Modalit\u00e0 del trattamento<\/strong><\/p>\n\n\n\n<p>I dati personali sono trattati con sistemi manuali, informatici e automatizzati per il tempo necessario a conseguire gli scopi per cui sono raccolti. Si precisa, in particolare, che i dati personali dell\u2019Utente sono oggetto di trattamento da parte di soggetti debitamente incaricati all\u2019assolvimento di tali compiti, costantemente identificati e\/o nominati, opportunamente istruiti e resi edotti dai vincoli imposti dalla legge, nonch\u00e9 mediante l\u2019impiego di misure di sicurezza atte a garantire la tutela della Sua riservatezza e ad evitare i rischi di perdita o distruzione, di accessi non autorizzati, di trattamenti non consentiti o non conformi alle finalit\u00e0 di cui sopra.<\/p>\n\n\n\n<p><strong>6. Comunicazione e diffusione dei dati<\/strong><\/p>\n\n\n\n<p>I dati personali raccolti sul Sito non verranno comunicati, venduti o ceduti a terzi, salve le ipotesi previste per legge.<\/p>\n\n\n\n<p>E\u2019 fatta salva, in ogni caso, la comunicazione di dati a societ\u00e0 espressamente incaricate a svolgere determinate prestazioni nell\u2019ambito dell\u2019attivit\u00e0 svolta dal Titolare e\/o, in generale, in suo favore, che opereranno in qualit\u00e0 di titolari autonomi e\/o responsabili del trattamento, nonch\u00e9 la comunicazione e\/o diffusione di dati richiesti, in conformit\u00e0 alla legge, da forze di polizia, dall\u2019autorit\u00e0 giudiziaria, da organismi di informazione e sicurezza o da altri soggetti pubblici per finalit\u00e0 di difesa o di sicurezza dello Stato o di prevenzione, accertamento o repressione dei reati.<\/p>\n\n\n\n<p><strong>7. Diritti dell\u2019interessato<\/strong><\/p>\n\n\n\n<p>Ai sensi dell\u2019art. 7 del Codice Privacy e degli artt. 15 e ss. del GDPR, l\u2019Utente ha il diritto di ottenere:<\/p>\n\n\n\n<p>1. la conferma dell\u2019esistenza o meno di dati personali che La riguardano, anche se non ancora registrati, e la loro comunicazione in forma intelligibile;<\/p>\n\n\n\n<p>2. una copia dei Suoi dati personali;<\/p>\n\n\n\n<p>3. la rettifica dei Suoi dati personali eventualmente inesatti;<\/p>\n\n\n\n<p>4. la cancellazione dei Suoi dati personali;<\/p>\n\n\n\n<p>5. la limitazione del trattamento dei Suoi dati personali;<\/p>\n\n\n\n<p>6. in un formato strutturato, di uso comune e leggibile da dispositivo automatico i dati<\/p>\n\n\n\n<p>personali che Lei ci ha fornito o che Lei stesso ha creato \u2013esclusi i giudizi creati dal Titolare e\/o dagli incaricati ex art. 4 del Codice Privacy \/ dalle persone autorizzate a trattare i dati a nome e per conto del Titolare ex art. 4 del GDPR \u2013e di trasmetterli, direttamente o per mezzo del Titolare, ad un altro titolare del trattamento;<\/p>\n\n\n\n<p>7. l\u2019indicazione:<\/p>\n\n\n\n<p>a) dell\u2019origine dei dati personali;<\/p>\n\n\n\n<p>b) delle categorie di dati personali trattati;<\/p>\n\n\n\n<p>c) delle finalit\u00e0 e modalit\u00e0 del trattamento;<\/p>\n\n\n\n<p>d) della logica applicata in caso di trattamento effettuato con l\u2019ausilio di strumenti elettronici;<\/p>\n\n\n\n<p>e) degli estremi identificativi del Titolare e degli eventuali responsabili;<\/p>\n\n\n\n<p>f) del periodo di conservazione dei Suoi dati personali o dei criteri utili per la determinazione di tale periodo;<\/p>\n\n\n\n<p>g) dei soggetti o delle categorie di soggetti ai quali i dati personali possono essere comunicati o che possono venirne a conoscenza in qualit\u00e0 di rappresentante designato nel territorio dello Stato, di responsabili o di incaricati ex art. 4 del Codice Privacy \/ persone autorizzate a trattare i dati a nome e per conto del Titolare ex art. 4 del GDPR;<\/p>\n\n\n\n<p>h) l\u2019aggiornamento, la rettificazione ovvero, quando Vi ha interesse, l\u2019integrazione dei dati;<\/p>\n\n\n\n<p>i) la trasformazione in forma anonima o il blocco dei dati trattati in violazione di legge, compresi quelli di cui non \u00e8 necessaria la conservazione in relazione agli scopi per i quali i dati sono stati raccolti o successivamente trattati;<\/p>\n\n\n\n<p>j) l\u2019attestazione che le operazioni di cui alle lettere a) e b) sono state portate a conoscenza, anche per quanto riguarda il loro contenuto, di coloro ai quali i dati sono stati comunicati o diffusi, eccettuato il caso in cui tale adempimento si rivela impossibile o comporta un impiego di mezzi manifestamente sproporzionato rispetto al diritto tutelato.<\/p>\n\n\n\n<p>8. L\u2019Utente, inoltre, ha diritto di opporsi, in tutto o in parte:<\/p>\n\n\n\n<p>a) per motivi legittimi, al trattamento dei dati personali che La riguardano, ancorch\u00e9 pertinenti allo scopo della raccolta;<\/p>\n\n\n\n<p>b) al trattamento di dati personali che La riguardano a fini di invio di materiale pubblicitario o di vendita diretta o per il compimento di ricerche di mercato o di comunicazione commerciale.<\/p>\n\n\n\n<p>Per esercitare i suddetti diritti, gli Utenti possono inviare una comunicazione all\u2019indirizzo di posta elettronica del Titolare, di cui al precedente art. 1, indicando in oggetto \u201cPrivacy \u2013esercizio dei diritti ex art. 7 del D.Lgs. 196\/2003 ed ex artt. 15 e ss. del GDPR\u201d.<\/p>\n\n\n\n<p>La informiamo, da ultimo, che qualora ritenga che i Suoi diritti siano stati violati dal Titolare e\/o da un terzo, Lei ha il diritto di proporre reclamo al Garante per la Protezione dei Dati Personali e\/o ad altra autorit\u00e0 di controllo competente in forza del GDPR.<\/p>\n\n\n\n<p><strong>8. Durata del trattamento e conservazione dei dati personali<\/strong><\/p>\n\n\n\n<p>I dati personali dell\u2019Utente saranno trattati dal Titolare per il solo periodo di tempo necessario al raggiungimento delle finalit\u00e0 del trattamento di cui al precedente articolo 3, dopodich\u00e9 verranno conservati unicamente in esecuzione degli obblighi di legge vigenti in materia, per finalit\u00e0 di tipo amministrativo e\/o per far valere o difendere un proprio diritto, in caso di contenziosi e precontenziosi. I dati personali trattati per l\u2019invio di newsletter, invece, saranno trattati fino a quando il Titolare non ricever\u00e0 la revoca del consenso che l\u2019Utente gli avr\u00e0 eventualmente fornito.<\/p>\n\n\n\n<p>Per l\u2019esercizio dei diritti di cui sopra potr\u00e0 rivolgersi al Responsabile del trattamento dei dati al seguente indirizzo email: <a href=\"mailto:info@tutelaforzedipolizia.it\">info@tutelaforzedipolizia.it<\/a><\/p>\n","protected":false},"excerpt":{"rendered":"<p>In questo documento si descrivono le modalit\u00e0 di gestione del sito web www.tutelaforzedipolizia.it (Sito), con riferimento al trattamento di dati personali degli utenti (\u201cUtente\/Utenti\u201d) che lo consultano. E\u2019 un\u2019informativa resa ai sensi dell\u2019art. 13 del D.Lgs. n. 196\/2003, cos\u00ec detto Codice in materia di protezione dei dati personali (\u201cCodice Privacy\u201d) [&hellip;]<\/p>\n","protected":false},"author":1,"featured_media":0,"parent":0,"menu_order":0,"comment_status":"closed","ping_status":"open","template":"","meta":{"_vp_format_video_url":"","_vp_image_focal_point":[],"footnotes":""},"class_list":["post-3","page","type-page","status-publish","hentry"],"yoast_head":"<!-- This site is optimized with the Yoast SEO plugin v27.3 - https:\/\/yoast.com\/product\/yoast-seo-wordpress\/ -->\n<title>Privacy Policy &#187; Tutela Forze di Polizia<\/title>\n<meta name=\"robots\" content=\"noindex, nofollow\" \/>\n<meta property=\"og:locale\" content=\"it_IT\" \/>\n<meta property=\"og:type\" content=\"article\" \/>\n<meta property=\"og:title\" content=\"Privacy Policy &#187; Tutela Forze di Polizia\" \/>\n<meta property=\"og:description\" content=\"In questo documento si descrivono le modalit\u00e0 di gestione del sito web www.tutelaforzedipolizia.it (Sito), con riferimento al trattamento di dati personali degli utenti (\u201cUtente\/Utenti\u201d) che lo consultano. E\u2019 un\u2019informativa resa ai sensi dell\u2019art. 13 del D.Lgs. n. 196\/2003, cos\u00ec detto Codice in materia di protezione dei dati personali (\u201cCodice Privacy\u201d) [&hellip;]\" \/>\n<meta property=\"og:url\" content=\"https:\/\/tutelaforzedipolizia.it\/index.php\/privacy-policy\/\" \/>\n<meta property=\"og:site_name\" content=\"Tutela Forze di Polizia\" \/>\n<meta property=\"article:publisher\" content=\"https:\/\/www.facebook.com\/tutelaforzedipolizia\/\" \/>\n<meta property=\"article:modified_time\" content=\"2021-07-13T14:11:00+00:00\" \/>\n<meta name=\"twitter:card\" content=\"summary_large_image\" \/>\n<meta name=\"twitter:label1\" content=\"Tempo di lettura stimato\" \/>\n\t<meta name=\"twitter:data1\" content=\"8 minuti\" \/>\n<script type=\"application\/ld+json\" class=\"yoast-schema-graph\">{\"@context\":\"https:\\\/\\\/schema.org\",\"@graph\":[{\"@type\":\"WebPage\",\"@id\":\"https:\\\/\\\/tutelaforzedipolizia.it\\\/index.php\\\/privacy-policy\\\/\",\"url\":\"https:\\\/\\\/tutelaforzedipolizia.it\\\/index.php\\\/privacy-policy\\\/\",\"name\":\"Privacy Policy &#187; Tutela Forze di Polizia\",\"isPartOf\":{\"@id\":\"https:\\\/\\\/tutelaforzedipolizia.it\\\/#website\"},\"datePublished\":\"2021-05-27T11:20:07+00:00\",\"dateModified\":\"2021-07-13T14:11:00+00:00\",\"breadcrumb\":{\"@id\":\"https:\\\/\\\/tutelaforzedipolizia.it\\\/index.php\\\/privacy-policy\\\/#breadcrumb\"},\"inLanguage\":\"it-IT\",\"potentialAction\":[{\"@type\":\"ReadAction\",\"target\":[\"https:\\\/\\\/tutelaforzedipolizia.it\\\/index.php\\\/privacy-policy\\\/\"]}]},{\"@type\":\"BreadcrumbList\",\"@id\":\"https:\\\/\\\/tutelaforzedipolizia.it\\\/index.php\\\/privacy-policy\\\/#breadcrumb\",\"itemListElement\":[{\"@type\":\"ListItem\",\"position\":1,\"name\":\"Home\",\"item\":\"https:\\\/\\\/tutelaforzedipolizia.it\\\/\"},{\"@type\":\"ListItem\",\"position\":2,\"name\":\"Privacy Policy\"}]},{\"@type\":\"WebSite\",\"@id\":\"https:\\\/\\\/tutelaforzedipolizia.it\\\/#website\",\"url\":\"https:\\\/\\\/tutelaforzedipolizia.it\\\/\",\"name\":\"Tutela Forze di Polizia\",\"description\":\"\",\"publisher\":{\"@id\":\"https:\\\/\\\/tutelaforzedipolizia.it\\\/#organization\"},\"potentialAction\":[{\"@type\":\"SearchAction\",\"target\":{\"@type\":\"EntryPoint\",\"urlTemplate\":\"https:\\\/\\\/tutelaforzedipolizia.it\\\/?s={search_term_string}\"},\"query-input\":{\"@type\":\"PropertyValueSpecification\",\"valueRequired\":true,\"valueName\":\"search_term_string\"}}],\"inLanguage\":\"it-IT\"},{\"@type\":\"Organization\",\"@id\":\"https:\\\/\\\/tutelaforzedipolizia.it\\\/#organization\",\"name\":\"Tutela Forze di Polizia\",\"url\":\"https:\\\/\\\/tutelaforzedipolizia.it\\\/\",\"logo\":{\"@type\":\"ImageObject\",\"inLanguage\":\"it-IT\",\"@id\":\"https:\\\/\\\/tutelaforzedipolizia.it\\\/#\\\/schema\\\/logo\\\/image\\\/\",\"url\":\"https:\\\/\\\/tutelaforzedipolizia.it\\\/wp-content\\\/uploads\\\/2021\\\/05\\\/Logo-Color.png\",\"contentUrl\":\"https:\\\/\\\/tutelaforzedipolizia.it\\\/wp-content\\\/uploads\\\/2021\\\/05\\\/Logo-Color.png\",\"width\":449,\"height\":458,\"caption\":\"Tutela Forze di Polizia\"},\"image\":{\"@id\":\"https:\\\/\\\/tutelaforzedipolizia.it\\\/#\\\/schema\\\/logo\\\/image\\\/\"},\"sameAs\":[\"https:\\\/\\\/www.facebook.com\\\/tutelaforzedipolizia\\\/\",\"https:\\\/\\\/www.instagram.com\\\/tutelaforzedipolizia\\\/\"]}]}<\/script>\n<!-- \/ Yoast SEO plugin. -->","yoast_head_json":{"title":"Privacy Policy &#187; Tutela Forze di Polizia","robots":{"index":"noindex","follow":"nofollow"},"og_locale":"it_IT","og_type":"article","og_title":"Privacy Policy &#187; Tutela Forze di Polizia","og_description":"In questo documento si descrivono le modalit\u00e0 di gestione del sito web www.tutelaforzedipolizia.it (Sito), con riferimento al trattamento di dati personali degli utenti (\u201cUtente\/Utenti\u201d) che lo consultano. E\u2019 un\u2019informativa resa ai sensi dell\u2019art. 13 del D.Lgs. n. 196\/2003, cos\u00ec detto Codice in materia di protezione dei dati personali (\u201cCodice Privacy\u201d) [&hellip;]","og_url":"https:\/\/tutelaforzedipolizia.it\/index.php\/privacy-policy\/","og_site_name":"Tutela Forze di Polizia","article_publisher":"https:\/\/www.facebook.com\/tutelaforzedipolizia\/","article_modified_time":"2021-07-13T14:11:00+00:00","twitter_card":"summary_large_image","twitter_misc":{"Tempo di lettura stimato":"8 minuti"},"schema":{"@context":"https:\/\/schema.org","@graph":[{"@type":"WebPage","@id":"https:\/\/tutelaforzedipolizia.it\/index.php\/privacy-policy\/","url":"https:\/\/tutelaforzedipolizia.it\/index.php\/privacy-policy\/","name":"Privacy Policy &#187; Tutela Forze di Polizia","isPartOf":{"@id":"https:\/\/tutelaforzedipolizia.it\/#website"},"datePublished":"2021-05-27T11:20:07+00:00","dateModified":"2021-07-13T14:11:00+00:00","breadcrumb":{"@id":"https:\/\/tutelaforzedipolizia.it\/index.php\/privacy-policy\/#breadcrumb"},"inLanguage":"it-IT","potentialAction":[{"@type":"ReadAction","target":["https:\/\/tutelaforzedipolizia.it\/index.php\/privacy-policy\/"]}]},{"@type":"BreadcrumbList","@id":"https:\/\/tutelaforzedipolizia.it\/index.php\/privacy-policy\/#breadcrumb","itemListElement":[{"@type":"ListItem","position":1,"name":"Home","item":"https:\/\/tutelaforzedipolizia.it\/"},{"@type":"ListItem","position":2,"name":"Privacy Policy"}]},{"@type":"WebSite","@id":"https:\/\/tutelaforzedipolizia.it\/#website","url":"https:\/\/tutelaforzedipolizia.it\/","name":"Tutela Forze di Polizia","description":"","publisher":{"@id":"https:\/\/tutelaforzedipolizia.it\/#organization"},"potentialAction":[{"@type":"SearchAction","target":{"@type":"EntryPoint","urlTemplate":"https:\/\/tutelaforzedipolizia.it\/?s={search_term_string}"},"query-input":{"@type":"PropertyValueSpecification","valueRequired":true,"valueName":"search_term_string"}}],"inLanguage":"it-IT"},{"@type":"Organization","@id":"https:\/\/tutelaforzedipolizia.it\/#organization","name":"Tutela Forze di Polizia","url":"https:\/\/tutelaforzedipolizia.it\/","logo":{"@type":"ImageObject","inLanguage":"it-IT","@id":"https:\/\/tutelaforzedipolizia.it\/#\/schema\/logo\/image\/","url":"https:\/\/tutelaforzedipolizia.it\/wp-content\/uploads\/2021\/05\/Logo-Color.png","contentUrl":"https:\/\/tutelaforzedipolizia.it\/wp-content\/uploads\/2021\/05\/Logo-Color.png","width":449,"height":458,"caption":"Tutela Forze di Polizia"},"image":{"@id":"https:\/\/tutelaforzedipolizia.it\/#\/schema\/logo\/image\/"},"sameAs":["https:\/\/www.facebook.com\/tutelaforzedipolizia\/","https:\/\/www.instagram.com\/tutelaforzedipolizia\/"]}]}},"_links":{"self":[{"href":"https:\/\/tutelaforzedipolizia.it\/index.php\/wp-json\/wp\/v2\/pages\/3","targetHints":{"allow":["GET"]}}],"collection":[{"href":"https:\/\/tutelaforzedipolizia.it\/index.php\/wp-json\/wp\/v2\/pages"}],"about":[{"href":"https:\/\/tutelaforzedipolizia.it\/index.php\/wp-json\/wp\/v2\/types\/page"}],"author":[{"embeddable":true,"href":"https:\/\/tutelaforzedipolizia.it\/index.php\/wp-json\/wp\/v2\/users\/1"}],"replies":[{"embeddable":true,"href":"https:\/\/tutelaforzedipolizia.it\/index.php\/wp-json\/wp\/v2\/comments?post=3"}],"version-history":[{"count":3,"href":"https:\/\/tutelaforzedipolizia.it\/index.php\/wp-json\/wp\/v2\/pages\/3\/revisions"}],"predecessor-version":[{"id":501,"href":"https:\/\/tutelaforzedipolizia.it\/index.php\/wp-json\/wp\/v2\/pages\/3\/revisions\/501"}],"wp:attachment":[{"href":"https:\/\/tutelaforzedipolizia.it\/index.php\/wp-json\/wp\/v2\/media?parent=3"}],"curies":[{"name":"wp","href":"https:\/\/api.w.org\/{rel}","templated":true}]}}